{"id":11171,"date":"2017-11-15T15:25:12","date_gmt":"2017-11-15T15:25:12","guid":{"rendered":"http:\/\/canada.afssite.afs.org\/en\/guide-pour-reussir-son-experience-interculturelle\/"},"modified":"2026-04-29T04:16:16","modified_gmt":"2026-04-29T08:16:16","slug":"reussir-son-experience-interculturelle","status":"publish","type":"page","link":"https:\/\/www.afscanada.org\/en\/reussir-son-experience-interculturelle\/","title":{"rendered":"Guide pour r\u00e9ussir son exp\u00e9rience interculturelle"},"content":{"rendered":"<p>&#8220;Vivre avec d\u2019autres n\u2019est jamais chose facile, m\u00eame avec des gens qui parlent notre langue et proviennent de notre milieu. Les membres d\u2019une famille ou d\u2019un groupe peuvent \u00eatre diff\u00e9rents par leur sexe, \u00e2ge, personnalit\u00e9, leurs attentes, leurs pr\u00e9f\u00e9rences. Aucune relation familiale ou d\u2019amiti\u00e9 ne peut \u00eatre tenue pour acquise pour toujours, \u00e0 moins qu\u2019elle ne soit construite, d\u00e9velopp\u00e9e et entretenue avec soin et intelligence.<\/p>\n<p>Les cultures ajoutent encore une autre dimension de diff\u00e9rence, plus subtile.<\/p>\n<p>Alors que les autres diff\u00e9rences \u2013 principalement celles de sexe, d\u2019\u00e2ge ou de r\u00f4les familiaux \u2013 sautent aux yeux, les diff\u00e9rences culturelles sont souvent cach\u00e9es : elles appartiennent \u00e0 ce que chez AFS, nous appelons la partie submerg\u00e9e de l\u2019iceberg.<\/p>\n<p>Elles sont cach\u00e9es non seulement aux autres, mais aussi \u00e0 nous-m\u00eames, en ce sens que la majorit\u00e9 d\u2019entre nous ne sommes pas conscients de nos limites culturelles et avons tendance \u00e0 identi\ufb01er notre comportement comme \u00e9tant \u00ab\u200anormal\u200a\u00bb et \u00ab\u200auniversel\u200a\u00bb. Quiconque se comporte diff\u00e9remment est per\u00e7u comme \u00e9tant \u00ab\u200a\u00e9trange\u200a\u00bb et est regard\u00e9 avec un certain degr\u00e9 de m\u00e9\ufb01ance.<\/p>\n<p>AFS met les gens au d\u00e9\ufb01 dans ce domaine, en introduisant dans une famille un jeune qui est diff\u00e9rent non seulement par des aspects visibles (par sa langue, son \u00e9ducation, ses go\u00fbts, ses habitudes), mais aussi par des aspects invisibles : ses valeurs, sa vision du monde, ses relations.<\/p>\n<p>Les personnes qu\u2019AFS rassemble \u2013 une famille d\u2019accueil et un \u00e9l\u00e8ve \u00e9tranger \u2013 apprennent \u00e0 appr\u00e9cier leurs personnalit\u00e9s individuelles diff\u00e9rentes, ainsi que leurs bagages culturels distincts, lentement et presque par accident \u2013 souvent par essai et erreur.<\/p>\n<p>Les fronti\u00e8res entre la nature et la culture sont souvent minces et il faut du temps et de la patience pour d\u00e9couvrir ce qui appartient \u00e0 la nature d\u2019une personne et qui le rend diff\u00e9rent des autres, et ce qui d\u00e9montre plut\u00f4t une tradition culturelle diff\u00e9rente : pour comprendre un individu en tant que personne d\u2019un c\u00f4t\u00e9 et en tant que porteur d\u2019une culture diff\u00e9rente de l\u2019autre.<\/p>\n<p>Ce processus est encore plus complexe aujourd\u2019hui, puisque les jeunes du monde entier tendent \u00e0 s\u2019habiller de la m\u00eame fa\u00e7on, \u00e9couter la m\u00eame musique, avoir des modes de vie semblables. Creuser sous la surface de ces similitudes super\ufb01cielles est encore un autre d\u00e9\ufb01. Toutefois, la r\u00e9compense pour s\u2019engager sur le chemin de la d\u00e9couverte des autres &#8211; qui ultimement m\u00e8ne \u00e0 une d\u00e9couverte de soi plus profonde &#8211; est une joie qui en vaut tr\u00e8s bien la peine.<\/p>\n<p>Ce manuel offre plusieurs indices pratiques qui rendront le chemin plus plaisant pour tous et qui guideront et structureront l\u2019apprentissage qui peut surgir d\u2019une rencontre interculturelle. Je f\u00e9licite AFS Interculture Canada pour cet effort et souhaite \u00e0 tous les lecteurs un Bon Voyage!&#8221;<\/p>\n<p><strong><em>Roberto Ruf\ufb01no<\/em><\/strong><br \/>\n<strong><em> Secr\u00e9taire g\u00e9n\u00e9ral, AFS Intercultura Italia<\/em><\/strong><br \/>\n<strong><em> Fondateur EFIL \u2013 European Federation for Intercultural Learning<\/em><\/strong><\/p>\n","protected":false},"excerpt":{"rendered":"<p>&#8220;Vivre avec d\u2019autres n\u2019est jamais chose facile, m\u00eame avec des gens qui parlent notre langue et proviennent de notre milieu.&hellip;<\/p>\n","protected":false},"author":63,"featured_media":0,"parent":0,"menu_order":27,"comment_status":"closed","ping_status":"closed","template":"","meta":{"footnotes":""},"class_list":["post-11171","page","type-page","status-publish","hentry"],"yoast_head":"<!-- This site is optimized with the Yoast SEO plugin v26.6 - https:\/\/yoast.com\/wordpress\/plugins\/seo\/ -->\n<title>Guide pour r\u00e9ussir son exp\u00e9rience interculturelle avec AFS Canada<\/title>\n<meta name=\"robots\" content=\"index, follow, max-snippet:-1, max-image-preview:large, max-video-preview:-1\" \/>\n<link rel=\"canonical\" href=\"https:\/\/www.afscanada.org\/en\/reussir-son-experience-interculturelle\/\" \/>\n<meta property=\"og:locale\" content=\"en_US\" \/>\n<meta property=\"og:type\" content=\"article\" \/>\n<meta property=\"og:title\" content=\"Guide pour r\u00e9ussir son exp\u00e9rience interculturelle avec AFS Canada\" \/>\n<meta property=\"og:description\" content=\"&#8220;Vivre avec d\u2019autres n\u2019est jamais chose facile, m\u00eame avec des gens qui parlent notre langue et proviennent de notre milieu.&hellip;\" \/>\n<meta property=\"og:url\" content=\"https:\/\/www.afscanada.org\/en\/reussir-son-experience-interculturelle\/\" \/>\n<meta property=\"og:site_name\" content=\"Canada\" \/>\n<meta property=\"article:publisher\" content=\"https:\/\/www.facebook.com\/afsinterculturecanada\" \/>\n<meta property=\"article:modified_time\" content=\"2026-04-29T08:16:16+00:00\" \/>\n<meta name=\"twitter:card\" content=\"summary_large_image\" \/>\n<meta name=\"twitter:label1\" content=\"Est. reading time\" \/>\n\t<meta name=\"twitter:data1\" content=\"3 minutes\" \/>\n<script type=\"application\/ld+json\" class=\"yoast-schema-graph\">{\"@context\":\"https:\/\/schema.org\",\"@graph\":[{\"@type\":\"WebPage\",\"@id\":\"https:\/\/www.afscanada.org\/en\/reussir-son-experience-interculturelle\/\",\"url\":\"https:\/\/www.afscanada.org\/en\/reussir-son-experience-interculturelle\/\",\"name\":\"Guide pour r\u00e9ussir son exp\u00e9rience interculturelle avec AFS Canada\",\"isPartOf\":{\"@id\":\"https:\/\/www.afscanada.org\/en\/#website\"},\"datePublished\":\"2017-11-15T15:25:12+00:00\",\"dateModified\":\"2026-04-29T08:16:16+00:00\",\"breadcrumb\":{\"@id\":\"https:\/\/www.afscanada.org\/en\/reussir-son-experience-interculturelle\/#breadcrumb\"},\"inLanguage\":\"en-US\",\"potentialAction\":[{\"@type\":\"ReadAction\",\"target\":[\"https:\/\/www.afscanada.org\/en\/reussir-son-experience-interculturelle\/\"]}]},{\"@type\":\"BreadcrumbList\",\"@id\":\"https:\/\/www.afscanada.org\/en\/reussir-son-experience-interculturelle\/#breadcrumb\",\"itemListElement\":[{\"@type\":\"ListItem\",\"position\":1,\"name\":\"Home\",\"item\":\"https:\/\/canada.afssite.afs.org\/en\/\"},{\"@type\":\"ListItem\",\"position\":2,\"name\":\"Guide pour r\u00e9ussir son exp\u00e9rience interculturelle\"}]},{\"@type\":\"WebSite\",\"@id\":\"https:\/\/www.afscanada.org\/en\/#website\",\"url\":\"https:\/\/www.afscanada.org\/en\/\",\"name\":\"AFS Canada\",\"description\":\"AFS International in Canada\",\"potentialAction\":[{\"@type\":\"SearchAction\",\"target\":{\"@type\":\"EntryPoint\",\"urlTemplate\":\"https:\/\/www.afscanada.org\/en\/?s={search_term_string}\"},\"query-input\":{\"@type\":\"PropertyValueSpecification\",\"valueRequired\":true,\"valueName\":\"search_term_string\"}}],\"inLanguage\":\"en-US\"}]}<\/script>\n<!-- \/ Yoast SEO plugin. -->","yoast_head_json":{"title":"Guide pour r\u00e9ussir son exp\u00e9rience interculturelle avec AFS Canada","robots":{"index":"index","follow":"follow","max-snippet":"max-snippet:-1","max-image-preview":"max-image-preview:large","max-video-preview":"max-video-preview:-1"},"canonical":"https:\/\/www.afscanada.org\/en\/reussir-son-experience-interculturelle\/","og_locale":"en_US","og_type":"article","og_title":"Guide pour r\u00e9ussir son exp\u00e9rience interculturelle avec AFS Canada","og_description":"&#8220;Vivre avec d\u2019autres n\u2019est jamais chose facile, m\u00eame avec des gens qui parlent notre langue et proviennent de notre milieu.&hellip;","og_url":"https:\/\/www.afscanada.org\/en\/reussir-son-experience-interculturelle\/","og_site_name":"Canada","article_publisher":"https:\/\/www.facebook.com\/afsinterculturecanada","article_modified_time":"2026-04-29T08:16:16+00:00","twitter_card":"summary_large_image","twitter_misc":{"Est. reading time":"3 minutes"},"schema":{"@context":"https:\/\/schema.org","@graph":[{"@type":"WebPage","@id":"https:\/\/www.afscanada.org\/en\/reussir-son-experience-interculturelle\/","url":"https:\/\/www.afscanada.org\/en\/reussir-son-experience-interculturelle\/","name":"Guide pour r\u00e9ussir son exp\u00e9rience interculturelle avec AFS Canada","isPartOf":{"@id":"https:\/\/www.afscanada.org\/en\/#website"},"datePublished":"2017-11-15T15:25:12+00:00","dateModified":"2026-04-29T08:16:16+00:00","breadcrumb":{"@id":"https:\/\/www.afscanada.org\/en\/reussir-son-experience-interculturelle\/#breadcrumb"},"inLanguage":"en-US","potentialAction":[{"@type":"ReadAction","target":["https:\/\/www.afscanada.org\/en\/reussir-son-experience-interculturelle\/"]}]},{"@type":"BreadcrumbList","@id":"https:\/\/www.afscanada.org\/en\/reussir-son-experience-interculturelle\/#breadcrumb","itemListElement":[{"@type":"ListItem","position":1,"name":"Home","item":"https:\/\/canada.afssite.afs.org\/en\/"},{"@type":"ListItem","position":2,"name":"Guide pour r\u00e9ussir son exp\u00e9rience interculturelle"}]},{"@type":"WebSite","@id":"https:\/\/www.afscanada.org\/en\/#website","url":"https:\/\/www.afscanada.org\/en\/","name":"AFS Canada","description":"AFS International in Canada","potentialAction":[{"@type":"SearchAction","target":{"@type":"EntryPoint","urlTemplate":"https:\/\/www.afscanada.org\/en\/?s={search_term_string}"},"query-input":{"@type":"PropertyValueSpecification","valueRequired":true,"valueName":"search_term_string"}}],"inLanguage":"en-US"}]}},"_links":{"self":[{"href":"https:\/\/www.afscanada.org\/en\/wp-json\/wp\/v2\/pages\/11171","targetHints":{"allow":["GET"]}}],"collection":[{"href":"https:\/\/www.afscanada.org\/en\/wp-json\/wp\/v2\/pages"}],"about":[{"href":"https:\/\/www.afscanada.org\/en\/wp-json\/wp\/v2\/types\/page"}],"author":[{"embeddable":true,"href":"https:\/\/www.afscanada.org\/en\/wp-json\/wp\/v2\/users\/63"}],"replies":[{"embeddable":true,"href":"https:\/\/www.afscanada.org\/en\/wp-json\/wp\/v2\/comments?post=11171"}],"version-history":[{"count":24,"href":"https:\/\/www.afscanada.org\/en\/wp-json\/wp\/v2\/pages\/11171\/revisions"}],"predecessor-version":[{"id":596931,"href":"https:\/\/www.afscanada.org\/en\/wp-json\/wp\/v2\/pages\/11171\/revisions\/596931"}],"wp:attachment":[{"href":"https:\/\/www.afscanada.org\/en\/wp-json\/wp\/v2\/media?parent=11171"}],"curies":[{"name":"wp","href":"https:\/\/api.w.org\/{rel}","templated":true}]}}